{"id":5023,"date":"2025-06-02T19:50:03","date_gmt":"2025-06-02T17:50:03","guid":{"rendered":"https:\/\/japan-budo.com\/?post_type=product&#038;p=5023"},"modified":"2025-07-09T13:59:14","modified_gmt":"2025-07-09T11:59:14","slug":"nihonto-foer-budo-av-kanehiro-kaneyasu-nagasa-74-4cm-2-46-shaku-bizen-fukuoka-ichimonji","status":"publish","type":"product","link":"https:\/\/japan-budo.com\/sv\/nihonto-gendaito-shinken-iai-tameshigiri\/nihonto-foer-budo-av-kanehiro-kaneyasu-nagasa-74-4cm-2-46-shaku-bizen-fukuoka-ichimonji\/","title":{"rendered":"Nihonto f\u00f6r Budo av Kanehiro (Kaneyasu) - Nagasa 74,4cm - 2,46 Shaku - Bizen Fukuoka Ichimonji stil"},"content":{"rendered":"<p>Nihonto - Kanehiro (\u00e4ven Kaneyasu om l\u00e4sningen skiljer sig \u00e5t)<\/p>\n<p>Katana Mei (signatur):<br \/>\nOmote-sidan: \u6b66\u58eb\u9053\u80a5\u5f8c\u56fd\u516b\u4ee3\u4f4f\u8d64\u677e\u592a\u90ce\u517c\u88d5\u4f5c (Ett verk av Akamatsu Taro Kanehiro fr\u00e5n Yatsushiro, Higo-provinsen - i Bushidos anda)<br \/>\nUra sida:<br \/>\n\u4ee5\u81ea\u5bb6\u88fd\u9244\u935b\u4e4b (Smidd med st\u00e5l som tillverkas internt)<br \/>\n\u4ee4\u548c\u5143\u5e74\u4e5d\u6708\u5409\u65e5 (P\u00e5 en lyckosam dag i september Reiwa 1 (2019))<\/p>\n<p>Information om smeden:<br \/>\nNamn: Akamatsu Taro Kanehiro<br \/>\nVerkligt namn: Kimura Kaoru<\/p>\n<p>Akamatsu Taro Kanehiro f\u00f6ddes den 4 februari 1961. Han \u00e4r son och l\u00e4rjunge till Kimura Kaneshige, en k\u00e4nd sv\u00e4rdssmed. Han smider i staden Yatsushiro, Kumamoto Prefecture, Kyushu Island.<\/p>\n<p>Familjen Akamatsu Taro har tillverkat sv\u00e4rd i Yatsushiro i tio generationer och var hovsmeder \u00e5t daimyo Sagara. Familjen \u00e4r bland annat k\u00e4nd f\u00f6r att producera sin egen tamahagane fr\u00e5n lokal flodsand f\u00f6r bladtillverkning f\u00f6r att ha full kontroll \u00f6ver materialet och smida det enligt sina egna specialiteter.<\/p>\n<p>Kanehiro \u00e4r s\u00e4rskilt k\u00e4nt f\u00f6r sina reproduktioner av historiska knivar. Detta s\u00e4tt att arbeta \u00e4r mycket uppskattat, eftersom det handlar om att diskutera, f\u00f6rst\u00e5 och till\u00e4mpa gamla smidestekniker och i allm\u00e4nhet \u00e4r en hyllning till den m\u00e5nghundra\u00e5riga smidestraditionen i Japan.<\/p>\n<p>Akamatsu Taro Kanehiro har f\u00e5tt m\u00e5nga utm\u00e4rkelser f\u00f6r sitt enast\u00e5ende arbete och \u00e4r en respekterad smed.<\/p>\n<p>Information om bladet:<br \/>\nNagasa (bladets l\u00e4ngd): 74,4 cm<br \/>\nSori (bladets kr\u00f6kning): 2,0 cm<br \/>\nMotohaba: 33,5 mm<br \/>\nMotokasane: 7,0 mm<br \/>\nSakihaba: 23,6 mm<br \/>\nSakikasane: 4,5 mm<br \/>\nVikt utan saya: 954 g<\/p>\n<p>Bladet smiddes under 2019.<\/p>\n<p>Bladet \u00e4r tillverkat i stil med Bizen Fukuoka Ichimonji-skolan som en hyllning till smedskonsten under Kamakura-perioden. Det \u00e4r brett vid basen och fortfarande brett mot spetsen, vilket ger det en mycket kraftfull form. Det \u00e4r ocks\u00e5 mycket vasst och kan sk\u00e4ra bra, vilket Akamatsu Taro Kanehiro-blad \u00e4r allm\u00e4nt k\u00e4nda f\u00f6r.<\/p>\n<p>Blad och f\u00e4ste har ett utm\u00e4rkt utseende. Vi \u00e4r glada \u00f6ver att kunna erbjuda denna vackra Nihonto med m\u00e5tt enligt europeisk standard till ett bra pris.<\/p>\n<p>Detta sv\u00e4rd \u00e4r f\u00f6r n\u00e4rvarande fortfarande i Japan. Vi tar \u00f6ver den fullst\u00e4ndiga hanteringen (alla tillh\u00f6rande kostnader ing\u00e5r redan i det erbjudna priset).<\/p>","protected":false},"excerpt":{"rendered":"<p>Nihonto \u2013 Kanehiro (bei abweichende Leseart auch Kaneyasu) Katana Mei (Signatur): Omote-Seite: \u6b66\u58eb\u9053\u80a5\u5f8c\u56fd\u516b\u4ee3\u4f4f\u8d64\u677e\u592a\u90ce\u517c\u88d5\u4f5c (Ein Werk von Akamatsu Taro Kanehiro aus Yatsushiro, Provinz Higo \u2013 im Geist des Bushido) Ura-Seite: \u4ee5\u81ea\u5bb6\u88fd\u9244\u935b\u4e4b (Geschmiedet mit eigen hergestelltem Stahl) \u4ee4\u548c\u5143\u5e74\u4e5d\u6708\u5409\u65e5 (An einem gl\u00fcckverhei\u00dfenden Tag im September Reiwa 1 (2019)) Informationen \u00fcber den Schmied: Name: Akamatsu Taro Kanehiro B\u00fcrgerlicher Name: [&hellip;]<\/p>\n","protected":false},"featured_media":5024,"comment_status":"open","ping_status":"closed","template":"","meta":{"_acf_changed":false},"product_brand":[],"product_cat":[218],"product_tag":[],"class_list":{"0":"post-5023","1":"product","2":"type-product","3":"status-publish","4":"has-post-thumbnail","6":"product_cat-nihonto-gendaito-shinken-iai-tameshigiri","8":"first","9":"instock","10":"taxable","11":"shipping-taxable","12":"product-type-external"},"acf":[],"_links":{"self":[{"href":"https:\/\/japan-budo.com\/sv\/wp-json\/wp\/v2\/product\/5023","targetHints":{"allow":["GET"]}}],"collection":[{"href":"https:\/\/japan-budo.com\/sv\/wp-json\/wp\/v2\/product"}],"about":[{"href":"https:\/\/japan-budo.com\/sv\/wp-json\/wp\/v2\/types\/product"}],"replies":[{"embeddable":true,"href":"https:\/\/japan-budo.com\/sv\/wp-json\/wp\/v2\/comments?post=5023"}],"wp:featuredmedia":[{"embeddable":true,"href":"https:\/\/japan-budo.com\/sv\/wp-json\/wp\/v2\/media\/5024"}],"wp:attachment":[{"href":"https:\/\/japan-budo.com\/sv\/wp-json\/wp\/v2\/media?parent=5023"}],"wp:term":[{"taxonomy":"product_brand","embeddable":true,"href":"https:\/\/japan-budo.com\/sv\/wp-json\/wp\/v2\/product_brand?post=5023"},{"taxonomy":"product_cat","embeddable":true,"href":"https:\/\/japan-budo.com\/sv\/wp-json\/wp\/v2\/product_cat?post=5023"},{"taxonomy":"product_tag","embeddable":true,"href":"https:\/\/japan-budo.com\/sv\/wp-json\/wp\/v2\/product_tag?post=5023"}],"curies":[{"name":"wp","href":"https:\/\/api.w.org\/{rel}","templated":true}]}}