{"id":5056,"date":"2025-06-03T09:30:16","date_gmt":"2025-06-03T07:30:16","guid":{"rendered":"https:\/\/japan-budo.com\/?post_type=product&#038;p=5056"},"modified":"2026-01-13T12:39:57","modified_gmt":"2026-01-13T11:39:57","slug":"katana-nihonto-av-kuniyoshi-nagasa-70-4cm-2-32-shaku-i-stil-med-awataguchi-kuniyoshi","status":"publish","type":"product","link":"https:\/\/japan-budo.com\/sv\/nihonto-gendaito-shinken-iai-tameshigiri\/katana-nihonto-av-kuniyoshi-nagasa-70-4cm-2-32-shaku-i-stil-med-awataguchi-kuniyoshi\/","title":{"rendered":"Katana Nihonto av Kuniyoshi - Nagasa 70,4cm - 2,32 Shaku - I stil med Awataguchi Kuniyoshi"},"content":{"rendered":"<p>Nihonto - Kuniyoshi<\/p>\n<p>Katana Mei (signatur):<br \/>\nOmote-sidan: \u56fd\u5409\u4f5c (Tillverkad av Kuniyoshi)<br \/>\nUra-sida: \u662d\u548c\u4e94\u5341\u56db\u5e74\u4e94\u6708\u65e5 (In May Showa 54 (1979))<\/p>\n<p>Information om smeden:<br \/>\nNamn: Futakami Kuniyoshi<br \/>\nVerkligt namn: Futakami Hisashi<\/p>\n<p>M\u00e4ster Kuniyoshi f\u00f6ddes \u00e5r Sh\u014dwa 3 (1928). Han var son till smedm\u00e4staren Shuro Yoshinobu och bodde i Aomori Prefecture.<br \/>\nSmeden var medlem i den v\u00e4lk\u00e4nda All Japan Swordsmith Association (AJSA) och hans arbete har bel\u00f6nats m\u00e5nga g\u00e5nger.<\/p>\n<p>Information om bladet:<br \/>\nNagasa (bladets l\u00e4ngd): 70,4 cm<br \/>\nSori (bladets kr\u00f6kning): 2,1 cm<br \/>\nMotohaba: 31,6 mm<br \/>\nMotokasane: 7,6 mm<br \/>\nSakihaba: 21,2 mm<br \/>\nSakikasane: 3,16 mm<br \/>\nVikt utan saya: 926 g<\/p>\n<p>Bladet smiddes 1979.<\/p>\n<p>Detta sv\u00e4rd \u00e4r en m\u00e4sterlig kopia av ett sv\u00e4rd av Awataguchi Kuniyoshi fr\u00e5n Kamakura-perioden. Den eleganta formen visar den typiska silhuetten av Awataguchi, med en tydlig skillnad mellan bredden vid basen och vid bladets spets. St\u00e5lkonstruktionen (Jigane) \u00e4r tillverkad av fint m\u00f6nstrad Ko-itame-Hada, omsorgsfullt smidd, vilket autentiskt \u00e5terspeglar den h\u00f6ga kvaliteten p\u00e5 Awataguchi-st\u00e5l.<br \/>\nHamon (h\u00e4rdningslinjen) uppvisar ett rakt m\u00f6nster med nioi (fin h\u00e4rdningslinje) och nie (kristallina inneslutningar), i stil med Awataguchi Kuniyoshi. Den \u00e4r djupt br\u00e4nd och visar aktiva element inom h\u00e4rdningslinjen (hataraki), inklusive ashi (h\u00e5rdare omr\u00e5den som sticker ut i den mjuka zonen).<br \/>\nSmaken \u00e4r utm\u00e4rkt.<\/p>\n<p>Detta sv\u00e4rd \u00e4r f\u00f6r n\u00e4rvarande fortfarande i Japan. Vi tar \u00f6ver den fullst\u00e4ndiga hanteringen (alla tillh\u00f6rande kostnader ing\u00e5r redan i det erbjudna priset).<\/p>","protected":false},"excerpt":{"rendered":"<p>Nihonto \u2013 Kuniyoshi Katana Mei (Signatur): Omote-Seite: \u56fd\u5409\u4f5c (Gefertigt von Kuniyoshi) Ura-Seite: \u662d\u548c\u4e94\u5341\u56db\u5e74\u4e94\u6708\u65e5 (Im Mai Showa 54 (1979)) Informationen \u00fcber den Schmied: Name: Futakami Kuniyoshi B\u00fcrgerlicher Name: Futakami Hisashi Meister Kuniyoshi wurde im Jahr Sh\u014dwa 3 (1928) geboren. Er warder Sohn des Meisterschmieds Shuro Yoshinobu und lebte in der Pr\u00e4fektur Aomori. Der Schmied war ein [&hellip;]<\/p>\n","protected":false},"featured_media":5057,"comment_status":"open","ping_status":"closed","template":"","meta":{"_acf_changed":false},"product_brand":[],"product_cat":[218],"product_tag":[],"class_list":{"0":"post-5056","1":"product","2":"type-product","3":"status-publish","4":"has-post-thumbnail","6":"product_cat-nihonto-gendaito-shinken-iai-tameshigiri","8":"first","9":"instock","10":"taxable","11":"shipping-taxable","12":"product-type-external"},"acf":[],"_links":{"self":[{"href":"https:\/\/japan-budo.com\/sv\/wp-json\/wp\/v2\/product\/5056","targetHints":{"allow":["GET"]}}],"collection":[{"href":"https:\/\/japan-budo.com\/sv\/wp-json\/wp\/v2\/product"}],"about":[{"href":"https:\/\/japan-budo.com\/sv\/wp-json\/wp\/v2\/types\/product"}],"replies":[{"embeddable":true,"href":"https:\/\/japan-budo.com\/sv\/wp-json\/wp\/v2\/comments?post=5056"}],"wp:featuredmedia":[{"embeddable":true,"href":"https:\/\/japan-budo.com\/sv\/wp-json\/wp\/v2\/media\/5057"}],"wp:attachment":[{"href":"https:\/\/japan-budo.com\/sv\/wp-json\/wp\/v2\/media?parent=5056"}],"wp:term":[{"taxonomy":"product_brand","embeddable":true,"href":"https:\/\/japan-budo.com\/sv\/wp-json\/wp\/v2\/product_brand?post=5056"},{"taxonomy":"product_cat","embeddable":true,"href":"https:\/\/japan-budo.com\/sv\/wp-json\/wp\/v2\/product_cat?post=5056"},{"taxonomy":"product_tag","embeddable":true,"href":"https:\/\/japan-budo.com\/sv\/wp-json\/wp\/v2\/product_tag?post=5056"}],"curies":[{"name":"wp","href":"https:\/\/api.w.org\/{rel}","templated":true}]}}