{"id":5307,"date":"2025-06-30T14:09:23","date_gmt":"2025-06-30T12:09:23","guid":{"rendered":"https:\/\/japan-budo.com\/unkategorisiert\/tsuba-dome-aus-leder-mit-motiv-fuer-bokken\/"},"modified":"2025-11-07T09:54:23","modified_gmt":"2025-11-07T08:54:23","slug":"tsuba-kupol-av-laeder-med-motiv-foer-bokken","status":"publish","type":"product","link":"https:\/\/japan-budo.com\/sv\/bokken-trae-svaerd-japan-budo-samuraj-svaerd\/tsuba-kupol-av-laeder-med-motiv-foer-bokken\/","title":{"rendered":"Tsuba-kupol av l\u00e4der med motiv f\u00f6r bokken"},"content":{"rendered":"<p>Tsuba dome f\u00f6r att f\u00e4sta tsuba p\u00e5 tr\u00e4ningssv\u00e4rdet bokuto (\u00e4ven k\u00e4nt som bokken).<br \/>Med den h\u00e4r tsuba-domen f\u00e5r bladet ett s\u00e4kert grepp om tr\u00e4sv\u00e4rdet och den ger ett mer v\u00e4rdefullt utseende \u00e4n den vanliga tsuba-domen i plast.<\/p>\n<p>Tillverkarens m\u00e4rkning: (Kendo24) Bernd Schwab, Eichbergstra\u00dfe 1, 36160 Dipperz, Tyskland, info@kendo24.de<\/p>","protected":false},"excerpt":{"rendered":"<p>Tsuba-kupol f\u00f6r att f\u00e4sta tsuba p\u00e5 tr\u00e4ningssv\u00e4rdet bokuto (\u00e4ven kallat bokken) Denna tsuba-kupol ger bladet ett s\u00e4kert grepp om tr\u00e4sv\u00e4rdet och ger ett mer v\u00e4rdefullt utseende \u00e4n den vanliga tsuba-kupolen av plast. Tillverkarens m\u00e4rkning: (Kendo24) Bernd Schwab, Eichbergstra\u00dfe 1, 36160 Dipperz, Tyskland, info@kendo24.de<\/p>","protected":false},"featured_media":5306,"comment_status":"open","ping_status":"closed","template":"","meta":{"_acf_changed":false},"product_brand":[],"product_cat":[48],"product_tag":[],"class_list":{"0":"post-5307","1":"product","2":"type-product","3":"status-publish","4":"has-post-thumbnail","6":"product_cat-bokken-holzschwert-japan-budo-samurai-schwert","7":"product_shipping_class-debrief145","9":"first","10":"instock","11":"taxable","12":"shipping-taxable","13":"purchasable","14":"product-type-simple"},"acf":[],"_links":{"self":[{"href":"https:\/\/japan-budo.com\/sv\/wp-json\/wp\/v2\/product\/5307","targetHints":{"allow":["GET"]}}],"collection":[{"href":"https:\/\/japan-budo.com\/sv\/wp-json\/wp\/v2\/product"}],"about":[{"href":"https:\/\/japan-budo.com\/sv\/wp-json\/wp\/v2\/types\/product"}],"replies":[{"embeddable":true,"href":"https:\/\/japan-budo.com\/sv\/wp-json\/wp\/v2\/comments?post=5307"}],"wp:featuredmedia":[{"embeddable":true,"href":"https:\/\/japan-budo.com\/sv\/wp-json\/wp\/v2\/media\/5306"}],"wp:attachment":[{"href":"https:\/\/japan-budo.com\/sv\/wp-json\/wp\/v2\/media?parent=5307"}],"wp:term":[{"taxonomy":"product_brand","embeddable":true,"href":"https:\/\/japan-budo.com\/sv\/wp-json\/wp\/v2\/product_brand?post=5307"},{"taxonomy":"product_cat","embeddable":true,"href":"https:\/\/japan-budo.com\/sv\/wp-json\/wp\/v2\/product_cat?post=5307"},{"taxonomy":"product_tag","embeddable":true,"href":"https:\/\/japan-budo.com\/sv\/wp-json\/wp\/v2\/product_tag?post=5307"}],"curies":[{"name":"wp","href":"https:\/\/api.w.org\/{rel}","templated":true}]}}