{"id":5315,"date":"2025-06-30T14:09:33","date_gmt":"2025-06-30T12:09:33","guid":{"rendered":"https:\/\/japan-budo.com\/unkategorisiert\/bokken-tsuba-fuer-shoto\/"},"modified":"2026-01-05T15:15:25","modified_gmt":"2026-01-05T14:15:25","slug":"bokken-tsuba-foer-shoto","status":"publish","type":"product","link":"https:\/\/japan-budo.com\/sv\/bokken-trae-svaerd-japan-budo-samuraj-svaerd\/bokken-tsuba-foer-shoto\/","title":{"rendered":"Bokken Tsuba f\u00f6r Shoto"},"content":{"rendered":"<p>Tsuba av plast med tsuba-kupol. Handskydd f\u00f6r tr\u00e4ningssv\u00e4rd i tr\u00e4, som g\u00e5r under de japanska ben\u00e4mningarna bokken och bokuto.<\/p>\n<p>Den h\u00e4r \u00e4r avsedd f\u00f6r korta sv\u00e4rd (Shoto). Ytterm\u00e5tten \u00e4r ca. 7,8 cm x 7,2 cm, utsk\u00e4rningen i mitten \u00e4r l\u00e4mplig f\u00f6r normal standard shoto bokuto fr\u00e5n Japan. Det kan dock ocks\u00e5 anpassas senare om det beh\u00f6vs.<\/p>\n<p>Denna produkt kommer ursprungligen fr\u00e5n Japan. Eftersom det enligt g\u00e4llande EU-lagstiftning m\u00e5ste finnas en kontaktperson inom EU f\u00f6r s\u00e4kerhetsfr\u00e5gor, erbjuder vi den under v\u00e5rt EU-varum\u00e4rke f\u00f6r att uppfylla kraven. F\u00f6r detta \u00e4ndam\u00e5l produceras den specifikt f\u00f6r oss i Japan och l\u00e4mpliga villkor skapas s\u00e5 att vi kan erbjuda den p\u00e5 EU-marknaden i enlighet med lagen.<br \/>En tillverkare i Tyskland namnges d\u00e4rf\u00f6r.<\/p>\n<p>Tillverkare i den mening som avses i EU-lagstiftningen: DerShogun, Andara GmbH, Brunnenweg 15, 64331 Weiterstadt, Tyskland, info@andara-gmbh.de<\/p>","protected":false},"excerpt":{"rendered":"<p>Kunststoff Tsuba mit Tsuba Dome. Der Handschutz f\u00fcr Trainingsschwerter aus Holz, die unter den japanischen Begriffen Bokken und Bokuto bekannt sind. Dieses Exemplar ist f\u00fcr Kurzschwerter (Shoto) gedacht. Die Au\u00dfenma\u00dfe betragen ca. 7,8 cm x 7,2 cm, der Ausschnitt in der Mitte ist passend f\u00fcr normale Standard-Shoto-Bokuto aus Japan. Er kann bei Bedarf aber auch [&hellip;]<\/p>\n","protected":false},"featured_media":5314,"comment_status":"open","ping_status":"closed","template":"","meta":{"_acf_changed":false},"product_brand":[],"product_cat":[48],"product_tag":[219,254,255],"class_list":{"0":"post-5315","1":"product","2":"type-product","3":"status-publish","4":"has-post-thumbnail","6":"product_cat-bokken-holzschwert-japan-budo-samurai-schwert","7":"product_tag-bokuto","8":"product_tag-kurzschwert","9":"product_tag-stichblatt","10":"product_shipping_class-debrief145","12":"first","13":"instock","14":"taxable","15":"shipping-taxable","16":"purchasable","17":"product-type-simple"},"acf":[],"_links":{"self":[{"href":"https:\/\/japan-budo.com\/sv\/wp-json\/wp\/v2\/product\/5315","targetHints":{"allow":["GET"]}}],"collection":[{"href":"https:\/\/japan-budo.com\/sv\/wp-json\/wp\/v2\/product"}],"about":[{"href":"https:\/\/japan-budo.com\/sv\/wp-json\/wp\/v2\/types\/product"}],"replies":[{"embeddable":true,"href":"https:\/\/japan-budo.com\/sv\/wp-json\/wp\/v2\/comments?post=5315"}],"wp:featuredmedia":[{"embeddable":true,"href":"https:\/\/japan-budo.com\/sv\/wp-json\/wp\/v2\/media\/5314"}],"wp:attachment":[{"href":"https:\/\/japan-budo.com\/sv\/wp-json\/wp\/v2\/media?parent=5315"}],"wp:term":[{"taxonomy":"product_brand","embeddable":true,"href":"https:\/\/japan-budo.com\/sv\/wp-json\/wp\/v2\/product_brand?post=5315"},{"taxonomy":"product_cat","embeddable":true,"href":"https:\/\/japan-budo.com\/sv\/wp-json\/wp\/v2\/product_cat?post=5315"},{"taxonomy":"product_tag","embeddable":true,"href":"https:\/\/japan-budo.com\/sv\/wp-json\/wp\/v2\/product_tag?post=5315"}],"curies":[{"name":"wp","href":"https:\/\/api.w.org\/{rel}","templated":true}]}}