{"id":5479,"date":"2025-08-13T21:44:51","date_gmt":"2025-08-13T19:44:51","guid":{"rendered":"https:\/\/japan-budo.com\/?post_type=product&#038;p=5479"},"modified":"2026-02-02T20:23:35","modified_gmt":"2026-02-02T19:23:35","slug":"aekta-katana-fran-japan-av-kanefusa-25-generation-nagasa-73-3cm-2-42-shaku","status":"publish","type":"product","link":"https:\/\/japan-budo.com\/sv\/nihonto-gendaito-shinken-iai-tameshigiri\/aekta-katana-fran-japan-av-kanefusa-25-generation-nagasa-73-3cm-2-42-shaku\/","title":{"rendered":"\u00c4kta Katana fr\u00e5n Japan av Kanefusa (25:e generationen) - Nagasa 73,3cm - 2,42 Shaku"},"content":{"rendered":"<p>Nihonto - Kanefusa (25:e generationen)<\/p>\n<p>Katana Mei (signatur):<br \/>\nOmote-sidan: \u85e4\u539f\u517c\u623f\u4f5c (Tillverkad av Fujiwara Kanefusa)<br \/>\nUra-sidan: \u662d\u548c\u4e59\u4e11\u5e74\u5409\u65e5 (P\u00e5 en lyckobringande dag \u00e5r Sh\u014dwa 60 (1985))<\/p>\n<p>Information om smeden:<br \/>\nNamn: Kanefusa<br \/>\nVerkligt namn: Kato Katsuo<br \/>\nSon till: Kanefusa, 24:e generationen<\/p>\n<p>Tillverkaren av detta sv\u00e4rd f\u00f6ddes den 7 januari 1957 i staden Seki, Gifu Prefecture (tidigare Mino).<br \/>\n\u00c5r 1975 blev han elev till den ber\u00f6mde smeden Gassan Sadakazu (II), som hade status som Mukansa och titeln \"Living National Treasure\".<br \/>\n\u00c5r 1983 blev han elev till sin far, den 24:e Fujiwara Kanefusa.<br \/>\n\u00c5r 1984 \u00f6ppnade han sin egen smedja och antog namnet Kanefusa f\u00f6r den 25:e generationen.<\/p>\n<p>Som smed har han redan f\u00e5tt m\u00e5nga utm\u00e4rkelser, bland annat 1x Kunzan Award, 2x Excellence Award, 8x Effort Award och 8x Selection Award.<\/p>\n<p>Kanefusa har varit engagerad internationellt och nationellt och \u00e4r d\u00e4rf\u00f6r k\u00e4nd \u00f6ver hela v\u00e4rlden:<br \/>\n\u00c5r 1982 f\u00f6ljde han med m\u00e4ster Gassan till utst\u00e4llningen \"Living National Treasures\" p\u00e5 Museum of Fine Arts i Boston.<br \/>\nHans sv\u00e4rd har st\u00e4llts ut i Moskva och S:t Petersburg varje \u00e5r sedan 2004.<br \/>\nI oktober 2004 gav han demonstrationer av japansk sv\u00e4rdssmide i K\u00f6ln och M\u00fcnchen.<br \/>\nUnder 2007\/08 fick Kung Hussein av Jordanien ta emot totalt sju sv\u00e4rd.<\/p>\n<p>\u00c5r 2005 gjorde han ett kort sv\u00e4rd f\u00f6r den kejserliga familjen, som donerades till Meiji Shrine.<\/p>\n<p>F\u00f6rutom sitt utm\u00e4rkta rykte som smed hade han ocks\u00e5 m\u00e5nga uppdrag inom japanska sv\u00e4rdsorganisationer:<br \/>\nTidigare verkst\u00e4llande direkt\u00f6r f\u00f6r All Japan Swordsmith Association, tidigare revisor f\u00f6r Sanshokai of the Japanese Art Sword Preservation Association, tidigare vice ordf\u00f6rande f\u00f6r Sekiden Technique Preservation Society och tidigare ordf\u00f6rande f\u00f6r Sekiden Swordsmith Association.<\/p>\n<p>Information om bladet:<br \/>\nNagasa (bladets l\u00e4ngd): 73,3 cm<br \/>\nSori (bladets kr\u00f6kning): 1,7 cm<br \/>\nMotohaba: 31,8 mm<br \/>\nMotokasane: 5,5 mm<br \/>\nSakihaba: 23,1 mm<br \/>\nSakikasane: 3,5 mm<br \/>\nVikt utan saya: 920 g<\/p>\n<p>Bladet smiddes 1985.<\/p>\n<p>Detta sv\u00e4rd har anv\u00e4nts i Japan f\u00f6r att tr\u00e4na sv\u00e4rdskonst. Vi erbjuder det till ett j\u00e4mf\u00f6relsevis \u00f6verkomligt pris s\u00e5 att du kan anv\u00e4nda ett autentiskt japanskt sv\u00e4rd f\u00f6r din tr\u00e4ning. Sv\u00e4rd som anv\u00e4nds utvecklar med tiden typiska symptom, t.ex. minimalt spel mellan handtaget och de andra f\u00e4stena. F\u00f6rr eller senare kommer dessa ocks\u00e5 att uppst\u00e5 under din egen tr\u00e4ning \u00e4nd\u00e5, s\u00e5 de \u00e4r inte ett problem.<\/p>\n<p>Detta sv\u00e4rd \u00e4r f\u00f6r n\u00e4rvarande fortfarande i Japan. Vi tar \u00f6ver den fullst\u00e4ndiga hanteringen (alla tillh\u00f6rande kostnader ing\u00e5r redan i det erbjudna priset).<\/p>","protected":false},"excerpt":{"rendered":"<p>Nihonto \u2013 Kanefusa (25. Generation) Katana Mei (Signatur): Omote-Seite: \u85e4\u539f\u517c\u623f\u4f5c (Gefertigt von Fujiwara Kanefusa) Ura-Seite: \u662d\u548c\u4e59\u4e11\u5e74\u5409\u65e5 (An einem gl\u00fcckverhei\u00dfenden Tag im Jahr Sh\u014dwa 60 (1985)) Informationen \u00fcber den Schmied: Name: Kanefusa B\u00fcrgerlicher Name: Kato Katsuo Sohn von: Kanefusa, 24. Generation Der Macher dieses Schwertes ist am 7. Januar 1957 geboren in der Stadt Seki, Pr\u00e4fektur [&hellip;]<\/p>\n","protected":false},"featured_media":4983,"comment_status":"open","ping_status":"closed","template":"","meta":{"_acf_changed":false},"product_brand":[],"product_cat":[218],"product_tag":[],"class_list":{"0":"post-5479","1":"product","2":"type-product","3":"status-publish","4":"has-post-thumbnail","6":"product_cat-nihonto-gendaito-shinken-iai-tameshigiri","8":"first","9":"instock","10":"taxable","11":"shipping-taxable","12":"product-type-external"},"acf":[],"_links":{"self":[{"href":"https:\/\/japan-budo.com\/sv\/wp-json\/wp\/v2\/product\/5479","targetHints":{"allow":["GET"]}}],"collection":[{"href":"https:\/\/japan-budo.com\/sv\/wp-json\/wp\/v2\/product"}],"about":[{"href":"https:\/\/japan-budo.com\/sv\/wp-json\/wp\/v2\/types\/product"}],"replies":[{"embeddable":true,"href":"https:\/\/japan-budo.com\/sv\/wp-json\/wp\/v2\/comments?post=5479"}],"wp:featuredmedia":[{"embeddable":true,"href":"https:\/\/japan-budo.com\/sv\/wp-json\/wp\/v2\/media\/4983"}],"wp:attachment":[{"href":"https:\/\/japan-budo.com\/sv\/wp-json\/wp\/v2\/media?parent=5479"}],"wp:term":[{"taxonomy":"product_brand","embeddable":true,"href":"https:\/\/japan-budo.com\/sv\/wp-json\/wp\/v2\/product_brand?post=5479"},{"taxonomy":"product_cat","embeddable":true,"href":"https:\/\/japan-budo.com\/sv\/wp-json\/wp\/v2\/product_cat?post=5479"},{"taxonomy":"product_tag","embeddable":true,"href":"https:\/\/japan-budo.com\/sv\/wp-json\/wp\/v2\/product_tag?post=5479"}],"curies":[{"name":"wp","href":"https:\/\/api.w.org\/{rel}","templated":true}]}}