{"id":5481,"date":"2025-08-13T21:47:38","date_gmt":"2025-08-13T19:47:38","guid":{"rendered":"https:\/\/japan-budo.com\/?post_type=product&#038;p=5481"},"modified":"2025-08-13T21:48:19","modified_gmt":"2025-08-13T19:48:19","slug":"shinsakuto-har-sin-egen-nihonto-tillverkad-i-japan","status":"publish","type":"product","link":"https:\/\/japan-budo.com\/sv\/nihonto-gendaito-shinken-iai-tameshigiri\/shinsakuto-har-sin-egen-nihonto-tillverkad-i-japan\/","title":{"rendered":"Shinsakuto - F\u00e5 din egen Nihonto tillverkad i Japan!"},"content":{"rendered":"<h2 class=\"wp-block-heading\">En dr\u00f6m som g\u00e5r i uppfyllelse - att f\u00e5 Nihonto-m\u00e4starsv\u00e4rd smidda enligt dina egna specifikationer<\/h2>\r\n\r\n\r\n\r\n<p>Att f\u00e5 en Nihonto tillverkad av en riktig sv\u00e4rdsmed i Japan \u00e4r dr\u00f6mmen f\u00f6r m\u00e5nga kampsportare och fans av det japanska sv\u00e4rdet. Dessa nytillverkade japanska sv\u00e4rd \u00e4r k\u00e4nda som shinsakuto, vilket \u00f6vers\u00e4tts som \"nytillverkat sv\u00e4rd\".<\/p>\r\n\r\n\r\n\r\n<p>Detta ger dig m\u00f6jlighet att anv\u00e4nda ett riktigt sv\u00e4rd fr\u00e5n Japan med st\u00e5lklinga i din egen tr\u00e4ning och du st\u00f6djer ocks\u00e5 den japanska sv\u00e4rdsmedskonstens fortsatta existens med en s\u00e5dan best\u00e4llning.<\/p>\r\n\r\n\r\n\r\n<p>Produktionen av s\u00e5dana m\u00e4stersv\u00e4rd har sina f\u00f6rdelar. Sv\u00e4rdet kan smidas individuellt enligt dina specifikationer.<\/p>\r\n\r\n\r\n\r\n<p>F\u00f6rutom standarder som en viss bladl\u00e4ngd kan \u00e4ven detaljer som sori specificeras.<\/p>\r\n\r\n\r\n\r\n<p>Om du best\u00e4mmer dig f\u00f6r att f\u00e5 ett japanskt sv\u00e4rd customiserat f\u00e5r du ett helt nytt sv\u00e4rd som ingen annan \u00e4n smeden och de inblandade hantverkarna n\u00e5gonsin har h\u00e5llit i sina h\u00e4nder f\u00f6rut.<\/p>\r\n\r\n\r\n\r\n<p>Ett helt nytt blad \u00e4r f\u00e4rskt och lossat. Naturligtvis finns det ocks\u00e5 m\u00e5nga vackra\u00a0<a href=\"https:\/\/japan-budo.com\/sv\/samurajsvaerd-koepa-antikvitetsaffaer-tyskland\/\" target=\"_blank\" rel=\"noreferrer noopener\">historiska m\u00e4stersv\u00e4rd<\/a>men dessa har ofta g\u00e5tt igenom mycket under \u00e5rhundradena.<\/p>\r\n\r\n\r\n\r\n<p>P\u00e5 antika sv\u00e4rd \u00e4r t.ex. monteringen (koshirae) ofta relativt l\u00f6s. Detta \u00e4r naturligtvis annorlunda med ett helt nytt sv\u00e4rd!<\/p>\r\n\r\n\r\n\r\n<p>Precis som alla \u00e4kta Nihonto-sv\u00e4rd \u00e4r de nya sv\u00e4rden smidda enligt den l\u00e5nga traditionen av japanska sv\u00e4rdssmeder med traditionella metoder och det ber\u00f6mda japanska Tamahagane-st\u00e5let.<\/p>\r\n\r\n\r\n\r\n<p>Teknikerna f\u00f6r detta har g\u00e5tt i arv och optimerats fr\u00e5n generation till generation.<\/p>\r\n\r\n\r\n\r\n<p>Det inneb\u00e4r att du f\u00e5r \u00e5rhundradens samlade kunskap samlad i ett sv\u00e4rd n\u00e4r du best\u00e4ller ett m\u00e4starsv\u00e4rd fr\u00e5n en japansk smed.<\/p>\r\n\r\n\r\n\r\n<p>Det h\u00e4r \u00e4r exklusiva eng\u00e5ngsartiklar som inte finns en andra g\u00e5ng i den h\u00e4r formen eftersom de \u00e4r individuellt och specifikt smidda f\u00f6r dig.<\/p>\r\n\r\n\r\n\r\n<p>Tillverkningen av m\u00e4stersv\u00e4rd \u00e4r strikt reglerad i Japan och de traditionella tillverkningsmetoderna kr\u00e4ver mycket tid.<\/p>\r\n\r\n\r\n\r\n<p>Tillverkningen av en komplett Nihonto av en aktuell m\u00e4stersmed tar cirka 6 till 12 m\u00e5nader fr\u00e5n best\u00e4llning till f\u00e4rdigt sv\u00e4rd.<\/p>\r\n\r\n\r\n\r\n<p>S\u00e5dana nytillverkade sv\u00e4rd \u00e4r k\u00e4nda som shinsakuto. Du kan k\u00f6pa eller best\u00e4lla shinsakuto fr\u00e5n oss.<\/p>\r\n\r\n\r\n\r\n<p>De smeder som vi arbetar med i Japan \u00e4r hederv\u00e4rda m\u00e4stare vars tid inte g\u00e5r till spillo. Vi ber d\u00e4rf\u00f6r om er f\u00f6rst\u00e5else f\u00f6r att en avgift p\u00e5 250 euro ska betalas i b\u00f6rjan av samtalen.<\/p>\r\n\r\n\r\n\r\n<p>I slut\u00e4ndan kvittar vi detta mot det totala priset n\u00e4r ordern l\u00e4ggs. Detta \u00e4r n\u00f6dv\u00e4ndigt f\u00f6r att f\u00f6rhindra f\u00f6rfr\u00e5gningar som inte \u00e4r allvarligt menade.<\/p>\r\n\r\n\r\n\r\n<p>Den m\u00f6da och det arbete som l\u00e4ggs ner p\u00e5 ett s\u00e5dant sv\u00e4rd g\u00f6r det till ett h\u00f6gkvalitativt konstf\u00f6rem\u00e5l. En budget p\u00e5 ca 10.000 euro b\u00f6r finnas tillg\u00e4nglig f\u00f6r produktionen. Detta \u00e4r inte ett fast pris utan kan variera beroende p\u00e5 personliga \u00f6nskem\u00e5l. Priset ger dock en ungef\u00e4rlig v\u00e4gledning.<\/p>\r\n\r\n\r\n\r\n<p>Internationella f\u00f6rfr\u00e5gningar \u00e4r v\u00e4lkomna. (Internationella f\u00f6rfr\u00e5gningar \u00e4r ocks\u00e5 v\u00e4lkomna)<\/p>\r\n\r\n\r\n\r\n<p>&nbsp;<\/p>","protected":false},"excerpt":{"rendered":"<p>Ein Traum wird wahr &#8211; Nihonto Meisterschwerter nach eigenen Vorgaben schmieden lassen Ein Nihonto bei einem aktuellen Schwertschmied in Japan fertigen zu lassen ist der Traum vieler Kampfk\u00fcnstler und Fans des japanischen Schwertes. Diese neu gefertigten, japanischen Schwerter sind als Shinsakuto bekannt, was \u00fcbersetzt &#8222;neu gefertigtes Schwert&#8220; bedeutet. Dadurch ergibt sich die M\u00f6glichkeit im eigenen [&hellip;]<\/p>\n","protected":false},"featured_media":3485,"comment_status":"open","ping_status":"closed","template":"","meta":{"_acf_changed":false},"product_brand":[],"product_cat":[218],"product_tag":[],"class_list":{"0":"post-5481","1":"product","2":"type-product","3":"status-publish","4":"has-post-thumbnail","6":"product_cat-nihonto-gendaito-shinken-iai-tameshigiri","8":"first","9":"instock","10":"taxable","11":"shipping-taxable","12":"purchasable","13":"product-type-simple"},"acf":[],"_links":{"self":[{"href":"https:\/\/japan-budo.com\/sv\/wp-json\/wp\/v2\/product\/5481","targetHints":{"allow":["GET"]}}],"collection":[{"href":"https:\/\/japan-budo.com\/sv\/wp-json\/wp\/v2\/product"}],"about":[{"href":"https:\/\/japan-budo.com\/sv\/wp-json\/wp\/v2\/types\/product"}],"replies":[{"embeddable":true,"href":"https:\/\/japan-budo.com\/sv\/wp-json\/wp\/v2\/comments?post=5481"}],"wp:featuredmedia":[{"embeddable":true,"href":"https:\/\/japan-budo.com\/sv\/wp-json\/wp\/v2\/media\/3485"}],"wp:attachment":[{"href":"https:\/\/japan-budo.com\/sv\/wp-json\/wp\/v2\/media?parent=5481"}],"wp:term":[{"taxonomy":"product_brand","embeddable":true,"href":"https:\/\/japan-budo.com\/sv\/wp-json\/wp\/v2\/product_brand?post=5481"},{"taxonomy":"product_cat","embeddable":true,"href":"https:\/\/japan-budo.com\/sv\/wp-json\/wp\/v2\/product_cat?post=5481"},{"taxonomy":"product_tag","embeddable":true,"href":"https:\/\/japan-budo.com\/sv\/wp-json\/wp\/v2\/product_tag?post=5481"}],"curies":[{"name":"wp","href":"https:\/\/api.w.org\/{rel}","templated":true}]}}